{"id":2657,"date":"2021-03-20T10:05:20","date_gmt":"2021-03-20T15:05:20","guid":{"rendered":"http:\/\/www.emtrafesa.com\/portal\/?page_id=2657"},"modified":"2024-03-26T11:08:57","modified_gmt":"2024-03-26T16:08:57","slug":"blog-fenix","status":"publish","type":"page","link":"https:\/\/www.emtrafesa.pe\/portal\/index.php\/blog-fenix\/","title":{"rendered":"BLOG F\u00c9NIX"},"content":{"rendered":"\t\t<div data-elementor-type=\"wp-page\" data-elementor-id=\"2657\" class=\"elementor elementor-2657\" data-elementor-settings=\"[]\">\n\t\t\t\t\t\t<div class=\"elementor-inner\">\n\t\t\t\t\t\t\t<div class=\"elementor-section-wrap\">\n\t\t\t\t\t\t\t<section class=\"elementor-section elementor-top-section elementor-element elementor-element-1324dee elementor-section-full_width elementor-section-stretched elementor-section-height-default elementor-section-height-default\" data-id=\"1324dee\" data-element_type=\"section\" data-settings=\"{&quot;stretch_section&quot;:&quot;section-stretched&quot;,&quot;jet_parallax_layout_list&quot;:[]}\">\n\t\t\t\t\t\t<div class=\"elementor-container elementor-column-gap-default\">\n\t\t\t\t\t\t\t<div class=\"elementor-row\">\n\t\t\t\t\t<div class=\"elementor-column elementor-col-100 elementor-top-column elementor-element elementor-element-3dd7ad8\" data-id=\"3dd7ad8\" data-element_type=\"column\">\n\t\t\t<div class=\"elementor-column-wrap elementor-element-populated\">\n\t\t\t\t\t\t\t<div class=\"elementor-widget-wrap\">\n\t\t\t\t\t\t<div class=\"elementor-element elementor-element-1aa4226 elementor-widget elementor-widget-shortcode\" data-id=\"1aa4226\" data-element_type=\"widget\" data-widget_type=\"shortcode.default\">\n\t\t\t\t<div class=\"elementor-widget-container\">\n\t\t\t\t\t<div class=\"elementor-shortcode\"><div id=\"metaslider-id-625\" style=\"width: 100%;\" class=\"ml-slider-3-25-1 metaslider metaslider-flex metaslider-625 ml-slider\">\n    <div id=\"metaslider_container_625\">\n        <div id=\"metaslider_625\" class=\"flexslider\">\n            <ul aria-live=\"polite\" class=\"slides\">\n                <li style=\"display: block; width: 100%;\" class=\"slide-4544 ms-image\"><img loading=\"lazy\" src=\"https:\/\/www.emtrafesa.pe\/portal\/wp-content\/uploads\/2026\/01\/3.jpeg\" height=\"600\" width=\"1800\" alt=\"\" class=\"slider-625 slide-4544\" title=\"3\" \/><\/li>\n                <li style=\"display: none; width: 100%;\" class=\"slide-4546 ms-image\"><img loading=\"lazy\" src=\"https:\/\/www.emtrafesa.pe\/portal\/wp-content\/uploads\/2023\/06\/slider-3-1800x600.png\" height=\"600\" width=\"1800\" alt=\"\" class=\"slider-625 slide-4546\" title=\"slider-3\" \/><\/li>\n            <\/ul>\n        <\/div>\n        \n    <\/div>\n<\/div><\/div>\n\t\t\t\t<\/div>\n\t\t\t\t<\/div>\n\t\t\t\t\t\t<\/div>\n\t\t\t\t\t<\/div>\n\t\t<\/div>\n\t\t\t\t\t\t\t\t<\/div>\n\t\t\t\t\t<\/div>\n\t\t<\/section>\n\t\t\t\t<section class=\"elementor-section elementor-top-section elementor-element elementor-element-ea74c40 elementor-section-boxed elementor-section-height-default elementor-section-height-default\" data-id=\"ea74c40\" data-element_type=\"section\" data-settings=\"{&quot;jet_parallax_layout_list&quot;:[]}\">\n\t\t\t\t\t\t<div class=\"elementor-container elementor-column-gap-default\">\n\t\t\t\t\t\t\t<div class=\"elementor-row\">\n\t\t\t\t\t<div class=\"elementor-column elementor-col-100 elementor-top-column elementor-element elementor-element-36780a2\" data-id=\"36780a2\" data-element_type=\"column\">\n\t\t\t<div class=\"elementor-column-wrap elementor-element-populated\">\n\t\t\t\t\t\t\t<div class=\"elementor-widget-wrap\">\n\t\t\t\t\t\t<div class=\"elementor-element elementor-element-6fc6f3e1 elementor-position-top elementor-vertical-align-top elementor-widget elementor-widget-image-box\" data-id=\"6fc6f3e1\" data-element_type=\"widget\" data-widget_type=\"image-box.default\">\n\t\t\t\t<div class=\"elementor-widget-container\">\n\t\t\t<div class=\"elementor-image-box-wrapper\"><figure class=\"elementor-image-box-img\"><a href=\"https:\/\/www.emtrafesa.com\/portal\/index.php\/category\/responsabilidad-social\/\"><img width=\"512\" height=\"512\" src=\"https:\/\/www.emtrafesa.pe\/portal\/wp-content\/uploads\/2022\/02\/responsabilidad-social.png\" class=\"elementor-animation-grow attachment-full size-full\" alt=\"\" loading=\"lazy\" \/><\/a><\/figure><div class=\"elementor-image-box-content\"><h3 class=\"elementor-image-box-title\"><a href=\"https:\/\/www.emtrafesa.com\/portal\/index.php\/category\/responsabilidad-social\/\">Responsabilidad Social<\/a><\/h3><\/div><\/div>\t\t<\/div>\n\t\t\t\t<\/div>\n\t\t\t\t\t\t<\/div>\n\t\t\t\t\t<\/div>\n\t\t<\/div>\n\t\t\t\t\t\t\t\t<\/div>\n\t\t\t\t\t<\/div>\n\t\t<\/section>\n\t\t\t\t<section class=\"elementor-section elementor-top-section elementor-element elementor-element-b71ac00 elementor-section-full_width elementor-section-height-default elementor-section-height-default\" data-id=\"b71ac00\" data-element_type=\"section\" data-settings=\"{&quot;jet_parallax_layout_list&quot;:[]}\">\n\t\t\t\t\t\t<div class=\"elementor-container elementor-column-gap-default\">\n\t\t\t\t\t\t\t<div class=\"elementor-row\">\n\t\t\t\t\t<div class=\"elementor-column elementor-col-100 elementor-top-column elementor-element elementor-element-65d9f53\" data-id=\"65d9f53\" data-element_type=\"column\">\n\t\t\t<div class=\"elementor-column-wrap elementor-element-populated\">\n\t\t\t\t\t\t\t<div class=\"elementor-widget-wrap\">\n\t\t\t\t\t\t<div class=\"elementor-element elementor-element-f56f1a4 elementor-widget elementor-widget-shortcode\" data-id=\"f56f1a4\" data-element_type=\"widget\" data-widget_type=\"shortcode.default\">\n\t\t\t\t<div class=\"elementor-widget-container\">\n\t\t\t\t\t<div class=\"elementor-shortcode\">        <!--STYLES FOR posts -->\n        <style type=\"text\/css\">\n    .owl-item .item:hover {\n        cursor: pointer;\n    }\n    \/*\n     General style for the slider\n    *\/\n    .outer_wrap-1290070424{\n        position: relative;\n        margin-bottom: 25px;\n    }\n    .header-1290070424{\n        position: relative;\n    }\n\n    \/*SLider title *\/\n    .header-1290070424 h1.aps-title{\n        text-align: center;\n        margin: 5px 0 22px;\n        color: ;\n        font-size: ;\n    }\n    \/*post title*\/\n    .aps-themea h2.aps-post-title, .aps-themeb h2.aps-post-title {\n        font-size:;\n    }\n    .outer_wrap-1290070424 h2.aps-post-title a {\n        font-size:;\n        color: ;\n    }\n    \/*\n    NAVIGATION BUTTONS\n    *\/\n    .aps-prev-1337878111,\n    .aps-next-1337878111     {\n        position: absolute;\n        top: 40%;\n        background: #686868;\n        z-index: 9999;\n        width: 45px;\n        height: 42px;\n        line-height: 42px;\n        padding: 0;\n        border-radius: 50%;\n        color: #ffffff;\n        outline: none;\n        border: none;\n        webkit-transition: all 0.2s linear;\n        -moz-transition: all 0.2s linear;\n        -ms-transition: all 0.2s linear;\n        -o-transition: all 0.2s linear;\n        transition: all 0.2s linear;\n    }\n    .aps-next-1337878111 {\n        right: -1.8%;\n    }\n    .aps-prev-1337878111 {\n        left: -1.8%;\n    }\n\n    .aps-prev-1337878111:hover,\n    .aps-next-1337878111:hover {\n        background: ;\n        color: ;\n    }\n    .aps-prev-1337878111 > i.icon-left-open-big,\n    .aps-next-1337878111 > i.icon-right-open-big {\n        font-size: 20px;\n    }\n    .read-more {\n        display: block;\n    }\n\n\n\n\n\n<\/style>\n\n        <div class='header-1290070424'>\n            <!--have to apply a header style option for title because it is from shortcode generator-->\n            <h1 class='aps-title'>Nuevas Entradas<\/h1>        <\/div> <!-- ends header -->\n\n        <!--outer_wrap to position nav arrows-->\n        <div class=\"outer_wrap-1290070424\">\n        <!--show navigation arrows-->\n        <button class=\"aps-prev-1337878111\">  <i class=\"icon-left-open-big\"><\/i> <\/button>\n                      <button class=\"aps-next-1337878111\"> <i class=\"icon-right-open-big\"><\/i> <\/button>\n        <!--Main wrapper for the slider STARTS-->\n            <div id=\"aps-slider-wrapper-1290070424\"class=\"owl-theme owl-carousel aps-slider-wrapper-class aps-1290070424\">\n\n        <!--  loop Starts -->\n    <div class=\"item\">\n        <div class=\"aps-themeb\">\n                <a class=\"adl-featured-img-link\" href=\"https:\/\/www.emtrafesa.pe\/portal\/index.php\/nuestra-representante-miss-teen-ambar-peru-2021\/\" rel=\"bookmark\" title=\"Go to Nuestra representante Miss Teen Ambar Per\u00fa 2021\"><img src=\"https:\/\/www.emtrafesa.pe\/portal\/wp-content\/uploads\/2022\/09\/Post-Miss-Teen-Ambar.jpg\" \/><\/a>\n        \n            <h2 class=\"aps-post-title\"><a href=\"https:\/\/www.emtrafesa.pe\/portal\/index.php\/nuestra-representante-miss-teen-ambar-peru-2021\/\" rel=\"bookmark\" title=\"Go to Nuestra representante Miss Teen Ambar Per\u00fa 2021\">Nuestra representante Miss Teen Ambar Per\u00fa 2021<\/a><\/h2>\n                    <div class=\"aps-meta-info\">\n                <span class=\"aps-entry-date entry-date\">Posted on 3 Septiembre, 2022<\/span>\n            <\/div>\n        \n    <p>Nuestra ciudad se caracteriza no solo por la cultura; sino tambi\u00e9n, por ser tierra de mujeres bellas, sin duda argumentos para demostrarlo tenemos. Prueba de ello es Nuestra Miss Teen \u00c1mbar Mundial Per\u00fa 2021, Rub\u00ed Esmeralda Sim\u00f3n Vel\u00e1squez a quien transportamos de Trujillo a Lima para que represente al<a class=\"read-more\" href=\"https:\/\/www.emtrafesa.pe\/portal\/index.php\/nuestra-representante-miss-teen-ambar-peru-2021\/\">...Leer M\u00e1s\u2192<\/a><\/p><\/div>\n\n\n    <\/div>\n    <div class=\"item\">\n        <div class=\"aps-themeb\">\n                <a class=\"adl-featured-img-link\" href=\"https:\/\/www.emtrafesa.pe\/portal\/index.php\/apoyo-a-roger-flores-tessen\/\" rel=\"bookmark\" title=\"Go to Apoyo a Roger Flores Tessen\"><img src=\"https:\/\/www.emtrafesa.pe\/portal\/wp-content\/uploads\/2022\/08\/Apoyo-Royer.jpg\" \/><\/a>\n        \n            <h2 class=\"aps-post-title\"><a href=\"https:\/\/www.emtrafesa.pe\/portal\/index.php\/apoyo-a-roger-flores-tessen\/\" rel=\"bookmark\" title=\"Go to Apoyo a Roger Flores Tessen\">Apoyo a Roger Flores Tessen<\/a><\/h2>\n                    <div class=\"aps-meta-info\">\n                <span class=\"aps-entry-date entry-date\">Posted on 31 Agosto, 2022<\/span>\n            <\/div>\n        \n    <p>Roger Flores Tessen es un paradeportista chiclayano el cual, despu\u00e9s de haber tocado muchas puertas en busca de apoyo, se decidi\u00f3 tocar la nuestra. En EMTRAFESA lo recibimos con emoci\u00f3n y lo transportamos el 18 de octubre a la ciudad de Trujillo para que pueda cumplir sus sue\u00f1os y<a class=\"read-more\" href=\"https:\/\/www.emtrafesa.pe\/portal\/index.php\/apoyo-a-roger-flores-tessen\/\">...Leer M\u00e1s\u2192<\/a><\/p><\/div>\n\n\n    <\/div>\n    <div class=\"item\">\n        <div class=\"aps-themeb\">\n                <a class=\"adl-featured-img-link\" href=\"https:\/\/www.emtrafesa.pe\/portal\/index.php\/apoyo-a-senora-grecia\/\" rel=\"bookmark\" title=\"Go to Apoyo a se\u00f1ora Grecia\"><img src=\"https:\/\/www.emtrafesa.pe\/portal\/wp-content\/uploads\/2022\/08\/apoyo-sra-grecia.jpg\" \/><\/a>\n        \n            <h2 class=\"aps-post-title\"><a href=\"https:\/\/www.emtrafesa.pe\/portal\/index.php\/apoyo-a-senora-grecia\/\" rel=\"bookmark\" title=\"Go to Apoyo a se\u00f1ora Grecia\">Apoyo a se\u00f1ora Grecia<\/a><\/h2>\n                    <div class=\"aps-meta-info\">\n                <span class=\"aps-entry-date entry-date\">Posted on 31 Agosto, 2022<\/span>\n            <\/div>\n        \n    <p>El pasado 12 de julio, la se\u00f1ora Grecia Ofelia Manyari Romero, una humilde madre de cuatro hijas y \u00fanico sustento para su familia, fue v\u00edctima de un accidente de tr\u00e1nsito ocasionado por un personal de salud en el \u00d3valo la Marina de la ciudad de Trujillo, dej\u00e1ndola postrada con<a class=\"read-more\" href=\"https:\/\/www.emtrafesa.pe\/portal\/index.php\/apoyo-a-senora-grecia\/\">...Leer M\u00e1s\u2192<\/a><\/p><\/div>\n\n\n    <\/div>\n    <div class=\"item\">\n        <div class=\"aps-themeb\">\n                <a class=\"adl-featured-img-link\" href=\"https:\/\/www.emtrafesa.pe\/portal\/index.php\/olla-comun\/\" rel=\"bookmark\" title=\"Go to Olla com\u00fan\"><img src=\"https:\/\/www.emtrafesa.pe\/portal\/wp-content\/uploads\/2022\/08\/Olla-Comun.jpg\" \/><\/a>\n        \n            <h2 class=\"aps-post-title\"><a href=\"https:\/\/www.emtrafesa.pe\/portal\/index.php\/olla-comun\/\" rel=\"bookmark\" title=\"Go to Olla com\u00fan\">Olla com\u00fan<\/a><\/h2>\n                    <div class=\"aps-meta-info\">\n                <span class=\"aps-entry-date entry-date\">Posted on 31 Agosto, 2022<\/span>\n            <\/div>\n        \n    <p>En EMTRAFESA, no solo brindamos seguridad a nuestros usuarios, sino tambi\u00e9n tenemos un alto compromiso de responsabilidad social con quienes m\u00e1s los necesitan. Por ello, decidimos sumarnos a la campa\u00f1a emprendida por Radio Exitosa \u201cSalva una Olla\u201d, gracias a esta noble causa, pudios conocer a los integrantes de la<a class=\"read-more\" href=\"https:\/\/www.emtrafesa.pe\/portal\/index.php\/olla-comun\/\">...Leer M\u00e1s\u2192<\/a><\/p><\/div>\n\n\n    <\/div>\n<!--Loop Ends-->\n<\/div> <!-- ends aps-slider-wrapper -->\n\n\n\n\n\n\n\n\n            <script>\n                jQuery(document).ready(function($){\n                var postSlider = $(\".aps-1290070424\");\n                    postSlider.owlCarousel({\n                        margin:20,\n                        loop:true,\n                        autoWidth:false,\n                        responsiveClass:true,\n                        dots:false,\n                        autoplay:true,\n\n                        autoplayTimeout: 5000,\n                        autoplayHoverPause: false,\n                        \/\/dotData:true,\n                        \/\/dotsEach:true,\n                        slideBy:1,\n\n                        responsive:{\n                            0 : {\n                                items:1,\n                            },\n                            500: {\n                                items:2,\n                            },\n                            600 : {\n\n                                items:2,\n\n                            },\n                            768:{\n                                items:3,\n\n                            },\n                            1199:{\n                                items:4,\n\n                            }\n                        }\n                    });\n\n                    \/\/ custom navigation button for slider\n                    \/\/ Go to the next item\n                    $('.aps-next-1337878111').click(function() {\n                        postSlider.trigger('next.owl.carousel');\n                    });\n                        \/\/ Go to the previous item\n                    $('.aps-prev-1337878111').click(function() {\n                        \/\/ With optional speed parameter\n                        \/\/ Parameters has to be in square bracket '[]'\n                        postSlider.trigger('prev.owl.carousel');\n                    });\n\n                    \/\/ stop on hover but play after hover out\n                                            postSlider.hover(\n                            function(){\n                                postSlider.trigger('stop.owl.autoplay');\n                            },\n                            function(){\n                                postSlider.trigger('play.owl.autoplay');\n                            }\n                        );\n                    \n\n                });\n            <\/script>\n        <\/div> <!--    ends div.outer_wrap -->\n    \n\n\n    <\/div>\n\t\t\t\t<\/div>\n\t\t\t\t<\/div>\n\t\t\t\t\t\t<\/div>\n\t\t\t\t\t<\/div>\n\t\t<\/div>\n\t\t\t\t\t\t\t\t<\/div>\n\t\t\t\t\t<\/div>\n\t\t<\/section>\n\t\t\t\t<section class=\"elementor-section elementor-top-section elementor-element elementor-element-7f0f624 elementor-section-boxed elementor-section-height-default elementor-section-height-default\" data-id=\"7f0f624\" data-element_type=\"section\" data-settings=\"{&quot;jet_parallax_layout_list&quot;:[]}\">\n\t\t\t\t\t\t<div class=\"elementor-container elementor-column-gap-default\">\n\t\t\t\t\t\t\t<div class=\"elementor-row\">\n\t\t\t\t\t<div class=\"elementor-column elementor-col-100 elementor-top-column elementor-element elementor-element-af81c37\" data-id=\"af81c37\" data-element_type=\"column\">\n\t\t\t<div class=\"elementor-column-wrap elementor-element-populated\">\n\t\t\t\t\t\t\t<div class=\"elementor-widget-wrap\">\n\t\t\t\t\t\t<div class=\"elementor-element elementor-element-d2b81a0 elementor-widget elementor-widget-html\" data-id=\"d2b81a0\" data-element_type=\"widget\" data-widget_type=\"html.default\">\n\t\t\t\t<div class=\"elementor-widget-container\">\n\t\t\t<div class=\"sticky-container colored-icons\" id=\"barraLateral\">\r\n    <ul class=\"sticky\">\r\n        <li>\r\n            <a href=\"https:\/\/api.whatsapp.com\/send?phone=949855871\" data-toggle=\"tooltip\" data-placement=\"left\" title=\"Realiza tu compra Online\" target=\"_blank\">\r\n                <i class=\"link-facebook fa fa-whatsapp \" style=\"font-size:53px;margin-left: 2px;padding-top: 10px;padding-left: 5px;\"><\/i><p style=\"text-align:center;\">\u00bfTe podemos <br>ayudar?<\/p>\r\n            <\/a>\r\n        <\/li>\r\n    <\/ul>\r\n<\/div>\t\t<\/div>\n\t\t\t\t<\/div>\n\t\t\t\t\t\t<\/div>\n\t\t\t\t\t<\/div>\n\t\t<\/div>\n\t\t\t\t\t\t\t\t<\/div>\n\t\t\t\t\t<\/div>\n\t\t<\/section>\n\t\t\t\t\t\t<\/div>\n\t\t\t\t\t\t<\/div>\n\t\t\t\t\t<\/div>\n\t\t","protected":false},"excerpt":{"rendered":"<p>Responsabilidad Social \u00bfTe podemos ayudar?<\/p>\n","protected":false},"author":1,"featured_media":0,"parent":0,"menu_order":0,"comment_status":"closed","ping_status":"closed","template":"elementor_header_footer","meta":[],"_links":{"self":[{"href":"https:\/\/www.emtrafesa.pe\/portal\/index.php\/wp-json\/wp\/v2\/pages\/2657"}],"collection":[{"href":"https:\/\/www.emtrafesa.pe\/portal\/index.php\/wp-json\/wp\/v2\/pages"}],"about":[{"href":"https:\/\/www.emtrafesa.pe\/portal\/index.php\/wp-json\/wp\/v2\/types\/page"}],"author":[{"embeddable":true,"href":"https:\/\/www.emtrafesa.pe\/portal\/index.php\/wp-json\/wp\/v2\/users\/1"}],"replies":[{"embeddable":true,"href":"https:\/\/www.emtrafesa.pe\/portal\/index.php\/wp-json\/wp\/v2\/comments?post=2657"}],"version-history":[{"count":66,"href":"https:\/\/www.emtrafesa.pe\/portal\/index.php\/wp-json\/wp\/v2\/pages\/2657\/revisions"}],"predecessor-version":[{"id":4784,"href":"https:\/\/www.emtrafesa.pe\/portal\/index.php\/wp-json\/wp\/v2\/pages\/2657\/revisions\/4784"}],"wp:attachment":[{"href":"https:\/\/www.emtrafesa.pe\/portal\/index.php\/wp-json\/wp\/v2\/media?parent=2657"}],"curies":[{"name":"wp","href":"https:\/\/api.w.org\/{rel}","templated":true}]}}