{"id":2931,"date":"2021-03-23T09:31:54","date_gmt":"2021-03-23T14:31:54","guid":{"rendered":"http:\/\/www.emtrafesa.com\/portal\/?page_id=2931"},"modified":"2021-03-25T11:59:28","modified_gmt":"2021-03-25T16:59:28","slug":"delivery","status":"publish","type":"page","link":"https:\/\/www.emtrafesa.pe\/portal\/index.php\/delivery\/","title":{"rendered":"Delivery"},"content":{"rendered":"\t\t<div data-elementor-type=\"wp-page\" data-elementor-id=\"2931\" class=\"elementor elementor-2931\" data-elementor-settings=\"[]\">\n\t\t\t\t\t\t<div class=\"elementor-inner\">\n\t\t\t\t\t\t\t<div class=\"elementor-section-wrap\">\n\t\t\t\t\t\t\t<section class=\"elementor-section elementor-top-section elementor-element elementor-element-84deeb6 elementor-section-full_width elementor-section-stretched elementor-section-height-default elementor-section-height-default\" data-id=\"84deeb6\" data-element_type=\"section\" data-settings=\"{&quot;stretch_section&quot;:&quot;section-stretched&quot;,&quot;jet_parallax_layout_list&quot;:[]}\">\n\t\t\t\t\t\t<div class=\"elementor-container elementor-column-gap-default\">\n\t\t\t\t\t\t\t<div class=\"elementor-row\">\n\t\t\t\t\t<div class=\"elementor-column elementor-col-100 elementor-top-column elementor-element elementor-element-bcd57cc\" data-id=\"bcd57cc\" data-element_type=\"column\">\n\t\t\t<div class=\"elementor-column-wrap elementor-element-populated\">\n\t\t\t\t\t\t\t<div class=\"elementor-widget-wrap\">\n\t\t\t\t\t\t<div class=\"elementor-element elementor-element-93e3955 elementor-widget elementor-widget-shortcode\" data-id=\"93e3955\" data-element_type=\"widget\" data-widget_type=\"shortcode.default\">\n\t\t\t\t<div class=\"elementor-widget-container\">\n\t\t\t\t\t<div class=\"elementor-shortcode\"><div id=\"metaslider-id-625\" style=\"width: 100%;\" class=\"ml-slider-3-25-1 metaslider metaslider-flex metaslider-625 ml-slider\">\n    <div id=\"metaslider_container_625\">\n        <div id=\"metaslider_625\" class=\"flexslider\">\n            <ul aria-live=\"polite\" class=\"slides\">\n                <li style=\"display: block; width: 100%;\" class=\"slide-4544 ms-image\"><img loading=\"lazy\" src=\"https:\/\/www.emtrafesa.pe\/portal\/wp-content\/uploads\/2026\/01\/3.jpeg\" height=\"600\" width=\"1800\" alt=\"\" class=\"slider-625 slide-4544\" title=\"3\" \/><\/li>\n                <li style=\"display: none; width: 100%;\" class=\"slide-4545 ms-image\"><img loading=\"lazy\" src=\"https:\/\/www.emtrafesa.pe\/portal\/wp-content\/uploads\/2023\/06\/slider-2-1800x600.png\" height=\"600\" width=\"1800\" alt=\"\" class=\"slider-625 slide-4545\" title=\"slider-2\" \/><\/li>\n                <li style=\"display: none; width: 100%;\" class=\"slide-4546 ms-image\"><img loading=\"lazy\" src=\"https:\/\/www.emtrafesa.pe\/portal\/wp-content\/uploads\/2023\/06\/slider-3-1800x600.png\" height=\"600\" width=\"1800\" alt=\"\" class=\"slider-625 slide-4546\" title=\"slider-3\" \/><\/li>\n            <\/ul>\n        <\/div>\n        \n    <\/div>\n<\/div><\/div>\n\t\t\t\t<\/div>\n\t\t\t\t<\/div>\n\t\t\t\t\t\t<\/div>\n\t\t\t\t\t<\/div>\n\t\t<\/div>\n\t\t\t\t\t\t\t\t<\/div>\n\t\t\t\t\t<\/div>\n\t\t<\/section>\n\t\t\t\t<section class=\"elementor-section elementor-top-section elementor-element elementor-element-7f222fc elementor-section-boxed elementor-section-height-default elementor-section-height-default\" data-id=\"7f222fc\" data-element_type=\"section\" data-settings=\"{&quot;jet_parallax_layout_list&quot;:[]}\">\n\t\t\t\t\t\t<div class=\"elementor-container elementor-column-gap-default\">\n\t\t\t\t\t\t\t<div class=\"elementor-row\">\n\t\t\t\t\t<div class=\"elementor-column elementor-col-100 elementor-top-column elementor-element elementor-element-03b771f\" data-id=\"03b771f\" data-element_type=\"column\">\n\t\t\t<div class=\"elementor-column-wrap elementor-element-populated\">\n\t\t\t\t\t\t\t<div class=\"elementor-widget-wrap\">\n\t\t\t\t\t\t<div class=\"elementor-element elementor-element-549d905 elementor-widget elementor-widget-heading\" data-id=\"549d905\" data-element_type=\"widget\" data-widget_type=\"heading.default\">\n\t\t\t\t<div class=\"elementor-widget-container\">\n\t\t\t<h2 class=\"elementor-heading-title elementor-size-default\">Delivery<\/h2>\t\t<\/div>\n\t\t\t\t<\/div>\n\t\t\t\t\t\t<\/div>\n\t\t\t\t\t<\/div>\n\t\t<\/div>\n\t\t\t\t\t\t\t\t<\/div>\n\t\t\t\t\t<\/div>\n\t\t<\/section>\n\t\t\t\t<section class=\"elementor-section elementor-top-section elementor-element elementor-element-271de0e elementor-section-boxed elementor-section-height-default elementor-section-height-default\" data-id=\"271de0e\" data-element_type=\"section\" data-settings=\"{&quot;jet_parallax_layout_list&quot;:[]}\">\n\t\t\t\t\t\t<div class=\"elementor-container elementor-column-gap-default\">\n\t\t\t\t\t\t\t<div class=\"elementor-row\">\n\t\t\t\t\t<div class=\"elementor-column elementor-col-100 elementor-top-column elementor-element elementor-element-8672b1e\" data-id=\"8672b1e\" data-element_type=\"column\">\n\t\t\t<div class=\"elementor-column-wrap elementor-element-populated\">\n\t\t\t\t\t\t\t<div class=\"elementor-widget-wrap\">\n\t\t\t\t\t\t<div class=\"elementor-element elementor-element-ef8f629 elementor-widget elementor-widget-text-editor\" data-id=\"ef8f629\" data-element_type=\"widget\" data-widget_type=\"text-editor.default\">\n\t\t\t\t<div class=\"elementor-widget-container\">\n\t\t\t\t\t\t\t\t<div class=\"elementor-text-editor elementor-clearfix\">\n\t\t\t\t<p style=\"text-align: justify;\"><span style=\"color: #000000;\">Emtrafesa siempre pensando en usted pone a su disposici\u00f3n en Trujillo y Chiclayo su servicio Delivery. Brind\u00e1ndole la facilidad de adquirir sus pasajes sin tener la necesidad de salir de casa, oficina o lugar d\u00f3nde se encuentre, con la seguridad y puntualidad que usted requiere.<\/span><\/p><p style=\"text-align: justify;\"><span style=\"color: #000000;\"><strong>Horario de atenci\u00f3n Trujillo:<\/strong><\/span><br \/><span style=\"color: #000000;\">Las 24 horas del d\u00eda.<\/span><br \/><span style=\"color: #000000;\">Lunes a Domingos<\/span><\/p><p style=\"text-align: justify;\"><span style=\"color: #000000;\"><strong>Horario de reparto:<\/strong><\/span><br \/><span style=\"color: #000000;\">6:00.a.m. \u2013 10:00. p.m.<\/span><br \/><span style=\"color: #000000;\">Lunes a Domingos<\/span><\/p><p style=\"text-align: justify;\"><span style=\"color: #000000;\">Cont\u00e1ctanos al\u00a0<strong>949855871<\/strong>\u00a0\u2013\u00a0<strong>044-484120 opci\u00f3n 0<\/strong><\/span><\/p><p style=\"text-align: justify;\"><span style=\"color: #000000;\"><strong>Horario de atenci\u00f3n Chiclayo:<\/strong><\/span><br \/><span style=\"color: #000000;\">8:00.a.m. \u2013 6:00.p.m.<\/span><br \/><span style=\"color: #000000;\">Lunes a domingo<\/span><\/p><p style=\"text-align: justify;\"><span style=\"color: #000000;\"><strong>Horario de reparto:<\/strong><\/span><br \/><span style=\"color: #000000;\">8:00.a.m. \u2013 6:00.p.m.<\/span><br \/><span style=\"color: #000000;\">Lunes a domingo<\/span><\/p><p style=\"text-align: justify;\"><span style=\"color: #000000;\">Cont\u00e1ctanos al\u00a0<strong>074-435545<\/strong><\/span><\/p>\t\t\t\t\t<\/div>\n\t\t\t\t\t\t<\/div>\n\t\t\t\t<\/div>\n\t\t\t\t\t\t<\/div>\n\t\t\t\t\t<\/div>\n\t\t<\/div>\n\t\t\t\t\t\t\t\t<\/div>\n\t\t\t\t\t<\/div>\n\t\t<\/section>\n\t\t\t\t\t\t<\/div>\n\t\t\t\t\t\t<\/div>\n\t\t\t\t\t<\/div>\n\t\t","protected":false},"excerpt":{"rendered":"<p>Delivery Emtrafesa siempre pensando en usted pone a su disposici\u00f3n en Trujillo y Chiclayo su servicio Delivery. Brind\u00e1ndole la facilidad de adquirir sus pasajes sin tener la necesidad de salir de casa, oficina o lugar d\u00f3nde se encuentre, con la seguridad y puntualidad que usted requiere. Horario de atenci\u00f3n Trujillo: Las 24 horas del d\u00eda.<a class=\"read-more\" href=\"https:\/\/www.emtrafesa.pe\/portal\/index.php\/delivery\/\"> [&hellip;]<\/a><\/p>\n","protected":false},"author":1,"featured_media":0,"parent":0,"menu_order":0,"comment_status":"closed","ping_status":"closed","template":"page-templates\/pagebuilder.php","meta":[],"_links":{"self":[{"href":"https:\/\/www.emtrafesa.pe\/portal\/index.php\/wp-json\/wp\/v2\/pages\/2931"}],"collection":[{"href":"https:\/\/www.emtrafesa.pe\/portal\/index.php\/wp-json\/wp\/v2\/pages"}],"about":[{"href":"https:\/\/www.emtrafesa.pe\/portal\/index.php\/wp-json\/wp\/v2\/types\/page"}],"author":[{"embeddable":true,"href":"https:\/\/www.emtrafesa.pe\/portal\/index.php\/wp-json\/wp\/v2\/users\/1"}],"replies":[{"embeddable":true,"href":"https:\/\/www.emtrafesa.pe\/portal\/index.php\/wp-json\/wp\/v2\/comments?post=2931"}],"version-history":[{"count":10,"href":"https:\/\/www.emtrafesa.pe\/portal\/index.php\/wp-json\/wp\/v2\/pages\/2931\/revisions"}],"predecessor-version":[{"id":3293,"href":"https:\/\/www.emtrafesa.pe\/portal\/index.php\/wp-json\/wp\/v2\/pages\/2931\/revisions\/3293"}],"wp:attachment":[{"href":"https:\/\/www.emtrafesa.pe\/portal\/index.php\/wp-json\/wp\/v2\/media?parent=2931"}],"curies":[{"name":"wp","href":"https:\/\/api.w.org\/{rel}","templated":true}]}}