{"id":720,"date":"2021-03-19T10:24:58","date_gmt":"2021-03-19T15:24:58","guid":{"rendered":"http:\/\/www.emtrafesa.com\/portal\/?page_id=720"},"modified":"2025-07-03T11:51:51","modified_gmt":"2025-07-03T16:51:51","slug":"historia","status":"publish","type":"page","link":"https:\/\/www.emtrafesa.pe\/portal\/index.php\/historia\/","title":{"rendered":"HISTORIA"},"content":{"rendered":"\t\t<div data-elementor-type=\"wp-page\" data-elementor-id=\"720\" class=\"elementor elementor-720\" data-elementor-settings=\"[]\">\n\t\t\t\t\t\t<div class=\"elementor-inner\">\n\t\t\t\t\t\t\t<div class=\"elementor-section-wrap\">\n\t\t\t\t\t\t\t<section class=\"elementor-section elementor-top-section elementor-element elementor-element-764adea elementor-section-full_width elementor-section-height-default elementor-section-height-default\" data-id=\"764adea\" data-element_type=\"section\" data-settings=\"{&quot;jet_parallax_layout_list&quot;:[]}\">\n\t\t\t\t\t\t<div class=\"elementor-container elementor-column-gap-default\">\n\t\t\t\t\t\t\t<div class=\"elementor-row\">\n\t\t\t\t\t<div class=\"elementor-column elementor-col-100 elementor-top-column elementor-element elementor-element-43d2220\" data-id=\"43d2220\" data-element_type=\"column\">\n\t\t\t<div class=\"elementor-column-wrap elementor-element-populated\">\n\t\t\t\t\t\t\t<div class=\"elementor-widget-wrap\">\n\t\t\t\t\t\t<div class=\"elementor-element elementor-element-edcfabb elementor-widget elementor-widget-shortcode\" data-id=\"edcfabb\" data-element_type=\"widget\" data-widget_type=\"shortcode.default\">\n\t\t\t\t<div class=\"elementor-widget-container\">\n\t\t\t\t\t<div class=\"elementor-shortcode\"><div id=\"metaslider-id-625\" style=\"width: 100%;\" class=\"ml-slider-3-25-1 metaslider metaslider-flex metaslider-625 ml-slider\">\n    <div id=\"metaslider_container_625\">\n        <div id=\"metaslider_625\" class=\"flexslider\">\n            <ul aria-live=\"polite\" class=\"slides\">\n                <li style=\"display: block; width: 100%;\" class=\"slide-4544 ms-image\"><img loading=\"lazy\" src=\"https:\/\/www.emtrafesa.pe\/portal\/wp-content\/uploads\/2026\/01\/3.jpeg\" height=\"600\" width=\"1800\" alt=\"\" class=\"slider-625 slide-4544\" title=\"3\" \/><\/li>\n                <li style=\"display: none; width: 100%;\" class=\"slide-4546 ms-image\"><img loading=\"lazy\" src=\"https:\/\/www.emtrafesa.pe\/portal\/wp-content\/uploads\/2023\/06\/slider-3-1800x600.png\" height=\"600\" width=\"1800\" alt=\"\" class=\"slider-625 slide-4546\" title=\"slider-3\" \/><\/li>\n            <\/ul>\n        <\/div>\n        \n    <\/div>\n<\/div><\/div>\n\t\t\t\t<\/div>\n\t\t\t\t<\/div>\n\t\t\t\t\t\t<\/div>\n\t\t\t\t\t<\/div>\n\t\t<\/div>\n\t\t\t\t\t\t\t\t<\/div>\n\t\t\t\t\t<\/div>\n\t\t<\/section>\n\t\t\t\t<section class=\"elementor-section elementor-top-section elementor-element elementor-element-10c8bf33 elementor-section-boxed elementor-section-height-default elementor-section-height-default\" data-id=\"10c8bf33\" data-element_type=\"section\" data-settings=\"{&quot;jet_parallax_layout_list&quot;:[]}\">\n\t\t\t\t\t\t<div class=\"elementor-container elementor-column-gap-no\">\n\t\t\t\t\t\t\t<div class=\"elementor-row\">\n\t\t\t\t\t<div class=\"elementor-column elementor-col-50 elementor-top-column elementor-element elementor-element-454b142d\" data-id=\"454b142d\" data-element_type=\"column\">\n\t\t\t<div class=\"elementor-column-wrap elementor-element-populated\">\n\t\t\t\t\t\t\t<div class=\"elementor-widget-wrap\">\n\t\t\t\t\t\t<div class=\"elementor-element elementor-element-dd20e8a elementor-widget__width-auto elementor-widget elementor-widget-image\" data-id=\"dd20e8a\" data-element_type=\"widget\" data-widget_type=\"image.default\">\n\t\t\t\t<div class=\"elementor-widget-container\">\n\t\t\t\t\t\t\t\t<div class=\"elementor-image\">\n\t\t\t\t\t\t\t\t\t\t\t\t<img width=\"179\" height=\"300\" src=\"https:\/\/www.emtrafesa.pe\/portal\/wp-content\/uploads\/2021\/03\/fot-hist-179x300-1.jpg\" class=\"attachment-medium_large size-medium_large\" alt=\"\" loading=\"lazy\" \/>\t\t\t\t\t\t\t\t\t\t\t\t\t\t<\/div>\n\t\t\t\t\t\t<\/div>\n\t\t\t\t<\/div>\n\t\t\t\t\t\t<\/div>\n\t\t\t\t\t<\/div>\n\t\t<\/div>\n\t\t\t\t<div class=\"elementor-column elementor-col-50 elementor-top-column elementor-element elementor-element-766f71cb\" data-id=\"766f71cb\" data-element_type=\"column\" data-settings=\"{&quot;background_background&quot;:&quot;classic&quot;}\">\n\t\t\t<div class=\"elementor-column-wrap elementor-element-populated\">\n\t\t\t\t\t\t\t<div class=\"elementor-widget-wrap\">\n\t\t\t\t\t\t<div class=\"elementor-element elementor-element-5697eb0d elementor-widget elementor-widget-heading\" data-id=\"5697eb0d\" data-element_type=\"widget\" data-widget_type=\"heading.default\">\n\t\t\t\t<div class=\"elementor-widget-container\">\n\t\t\t<h2 class=\"elementor-heading-title elementor-size-default\">Historia<\/h2>\t\t<\/div>\n\t\t\t\t<\/div>\n\t\t\t\t<section class=\"elementor-section elementor-inner-section elementor-element elementor-element-2a992b83 elementor-reverse-mobile elementor-section-boxed elementor-section-height-default elementor-section-height-default\" data-id=\"2a992b83\" data-element_type=\"section\" data-settings=\"{&quot;jet_parallax_layout_list&quot;:[]}\">\n\t\t\t\t\t\t<div class=\"elementor-container elementor-column-gap-default\">\n\t\t\t\t\t\t\t<div class=\"elementor-row\">\n\t\t\t\t\t<div class=\"elementor-column elementor-col-100 elementor-inner-column elementor-element elementor-element-7a95d8a0\" data-id=\"7a95d8a0\" data-element_type=\"column\" data-settings=\"{&quot;animation&quot;:&quot;none&quot;}\">\n\t\t\t<div class=\"elementor-column-wrap elementor-element-populated\">\n\t\t\t\t\t\t\t<div class=\"elementor-widget-wrap\">\n\t\t\t\t\t\t<div class=\"elementor-element elementor-element-19395b9f elementor-widget elementor-widget-text-editor\" data-id=\"19395b9f\" data-element_type=\"widget\" data-widget_type=\"text-editor.default\">\n\t\t\t\t<div class=\"elementor-widget-container\">\n\t\t\t\t\t\t\t\t<div class=\"elementor-text-editor elementor-clearfix\">\n\t\t\t\t<p style=\"text-align: left;\"><span style=\"color: #000000;\">Un 18 de febrero de 1961 un grupo de amigos conductores de autos se reunieron para dar vida al comit\u00e9 N\u00b0 25 con el objetivo de brindar servicio de transporte interprovincial de pasajeros, encomiendas y valores en la ruta de Chiclayo &#8211; Trujillo y viceversa.<\/span><\/p>\n<p style=\"text-align: left;\"><span style=\"color: #000000;\">En 1973 se re\u00fanen en una Asamblea quienes fueran los integrantes del comit\u00e9 N\u00b0 25, no logr\u00e1ndose el consenso para optar por la regularizaci\u00f3n dispuesta por el Gobierno de turno lo que&nbsp; llev\u00f3 a que s\u00f3lo algunos de los integrantes decidan constituir el 13 de junio de 1977 la empresa de TRANSPORTES AVE FENIX S.A. (EMTRAFESA) como nuevo proyecto empresarial.<\/span><\/p>\n<p style=\"text-align: left;\"><span style=\"color: #000000;\">Con parte de su fondo de ahorro econ\u00f3mico se adquirieron dos buses de la Marca Volvo con los cuales continuaron operando en la misma ruta, siendo sus primeros choferes los mismos socios.<\/span><\/p>\n<p style=\"text-align: left;\"><span style=\"color: #000000;\">Dos d\u00e9cadas despu\u00e9s se elige al Directorio formado por los socios Manuel Plasencia Salas, Alejandro Pinedo De Los R\u00edos y como Gerente a Jos\u00e9 De La Cruz Culquitante quien estuvo durante 9 a\u00f1os de manera ininterrumpida al frente de la empresa inaugur\u00e1ndose en el 2002 el primer terminal terrestre en Trujillo, siendo los encargados de su construcci\u00f3n Ra\u00fal Ramos Guti\u00e9rrez y Helmer Garc\u00eda De La Cruz, cumpliendo con las exigencias del Ministerio de Transporte y Comunicaciones y de la Municipalidad Provincial de Trujillo, contado con la amplitud y modernidad que la ciudad requer\u00eda. Siendo padrinos el Alcalde Jos\u00e9 Murgia Zannier y la Congresista de la Rep\u00fablica Rosa Le\u00f3n Flores.<\/span><\/p>\n<p style=\"text-align: left;\"><span style=\"color: #000000;\">El 17 de abril del mismo a\u00f1o ingresa como socio de EMTRAFESA el Licenciado en Administraci\u00f3n Sr. Juan Helmer Garc\u00eda De La Cruz, hijo del socio Vicente Ferrer Garc\u00eda Asmat, formando parte del Directorio hasta el 2005, a\u00f1o en el que asume la Presidencia para luego convertirse en el 2006 en Gerente General, cargo que contin\u00faa desempe\u00f1ando con capacidad y eficiencia lo que ha permitido el crecimiento de la empresa.<\/span><\/p>\n<p style=\"text-align: left;\"><span style=\"color: #000000;\">Actualmente contamos con oficinas en todo el norte del pa\u00eds, desde Lima hasta Tumbes, Cajamarca y Ja\u00e9n, adem\u00e1s con servicios como Cargo y Encomienda, delivery y servicios de taxis (minivan).<\/span><\/p>\n<p style=\"text-align: left;\"><span style=\"color: #000000;\">Emtrafesa, 48 a\u00f1os siempre pensando en usted.<\/span><\/p>\t\t\t\t\t<\/div>\n\t\t\t\t\t\t<\/div>\n\t\t\t\t<\/div>\n\t\t\t\t\t\t<\/div>\n\t\t\t\t\t<\/div>\n\t\t<\/div>\n\t\t\t\t\t\t\t\t<\/div>\n\t\t\t\t\t<\/div>\n\t\t<\/section>\n\t\t\t\t\t\t<\/div>\n\t\t\t\t\t<\/div>\n\t\t<\/div>\n\t\t\t\t\t\t\t\t<\/div>\n\t\t\t\t\t<\/div>\n\t\t<\/section>\n\t\t\t\t<section class=\"elementor-section elementor-top-section elementor-element elementor-element-756f319 elementor-section-boxed elementor-section-height-default elementor-section-height-default\" data-id=\"756f319\" data-element_type=\"section\" data-settings=\"{&quot;jet_parallax_layout_list&quot;:[]}\">\n\t\t\t\t\t\t<div class=\"elementor-container elementor-column-gap-default\">\n\t\t\t\t\t\t\t<div class=\"elementor-row\">\n\t\t\t\t\t<div class=\"elementor-column elementor-col-100 elementor-top-column elementor-element elementor-element-5b3a5a3\" data-id=\"5b3a5a3\" data-element_type=\"column\">\n\t\t\t<div class=\"elementor-column-wrap elementor-element-populated\">\n\t\t\t\t\t\t\t<div class=\"elementor-widget-wrap\">\n\t\t\t\t\t\t<div class=\"elementor-element elementor-element-2cf52a0 elementor-widget elementor-widget-html\" data-id=\"2cf52a0\" data-element_type=\"widget\" data-widget_type=\"html.default\">\n\t\t\t\t<div class=\"elementor-widget-container\">\n\t\t\t<div class=\"sticky-container colored-icons\" id=\"barraLateral\">\r\n    <ul class=\"sticky\">\r\n        <li>\r\n            <a href=\"https:\/\/api.whatsapp.com\/send?phone=949855871\" data-toggle=\"tooltip\" data-placement=\"left\" title=\"Realiza tu compra Online\" target=\"_blank\">\r\n                <i class=\"link-facebook fa fa-whatsapp \" style=\"font-size:53px;margin-left: 2px;padding-top: 10px;padding-left: 5px;\"><\/i><p style=\"text-align:center;\">\u00bfTe podemos <br>ayudar?<\/p>\r\n            <\/a>\r\n        <\/li>\r\n    <\/ul>\r\n<\/div>\t\t<\/div>\n\t\t\t\t<\/div>\n\t\t\t\t\t\t<\/div>\n\t\t\t\t\t<\/div>\n\t\t<\/div>\n\t\t\t\t\t\t\t\t<\/div>\n\t\t\t\t\t<\/div>\n\t\t<\/section>\n\t\t\t\t\t\t<\/div>\n\t\t\t\t\t\t<\/div>\n\t\t\t\t\t<\/div>\n\t\t","protected":false},"excerpt":{"rendered":"<p>Historia Un 18 de febrero de 1961 un grupo de amigos conductores de autos se reunieron para dar vida al comit\u00e9 N\u00b0 25 con el objetivo de brindar servicio de transporte interprovincial de pasajeros, encomiendas y valores en la ruta de Chiclayo &#8211; Trujillo y viceversa. En 1973 se re\u00fanen en una Asamblea quienes fueran<a class=\"read-more\" href=\"https:\/\/www.emtrafesa.pe\/portal\/index.php\/historia\/\"> [&hellip;]<\/a><\/p>\n","protected":false},"author":1,"featured_media":0,"parent":0,"menu_order":0,"comment_status":"closed","ping_status":"closed","template":"page-templates\/pagebuilder.php","meta":[],"_links":{"self":[{"href":"https:\/\/www.emtrafesa.pe\/portal\/index.php\/wp-json\/wp\/v2\/pages\/720"}],"collection":[{"href":"https:\/\/www.emtrafesa.pe\/portal\/index.php\/wp-json\/wp\/v2\/pages"}],"about":[{"href":"https:\/\/www.emtrafesa.pe\/portal\/index.php\/wp-json\/wp\/v2\/types\/page"}],"author":[{"embeddable":true,"href":"https:\/\/www.emtrafesa.pe\/portal\/index.php\/wp-json\/wp\/v2\/users\/1"}],"replies":[{"embeddable":true,"href":"https:\/\/www.emtrafesa.pe\/portal\/index.php\/wp-json\/wp\/v2\/comments?post=720"}],"version-history":[{"count":89,"href":"https:\/\/www.emtrafesa.pe\/portal\/index.php\/wp-json\/wp\/v2\/pages\/720\/revisions"}],"predecessor-version":[{"id":4986,"href":"https:\/\/www.emtrafesa.pe\/portal\/index.php\/wp-json\/wp\/v2\/pages\/720\/revisions\/4986"}],"wp:attachment":[{"href":"https:\/\/www.emtrafesa.pe\/portal\/index.php\/wp-json\/wp\/v2\/media?parent=720"}],"curies":[{"name":"wp","href":"https:\/\/api.w.org\/{rel}","templated":true}]}}